{"id":17596,"date":"2020-01-12T16:37:55","date_gmt":"2020-01-12T21:37:55","guid":{"rendered":"https:\/\/sites.generatepress.com\/agency\/?page_id=17596"},"modified":"2025-10-27T21:22:42","modified_gmt":"2025-10-27T21:22:42","slug":"test","status":"publish","type":"page","link":"https:\/\/renovarechile.cl\/","title":{"rendered":"Home"},"content":{"rendered":"\n<section class=\"gb-element-d70d3649\">\n<div class=\"gb-element-29761870\">\n<div class=\"gb-element-87ed5036\">\n<h1 class=\"gb-text gb-text-8787cee8\">Acompa\u00f1amiento Ambulatorio en Vi\u00f1a del Mar<\/h1>\n\n\n\n<p class=\"gb-text gb-text-8ed97e1d\">Apoyamos a personas y familias que atraviesan situaciones complejas que afectan su bienestar y buscan orientaci\u00f3n profesional en un espacio seguro y reservado.<\/p>\n\n\n\n<a class=\"gb-text-d3901fa8\" href=\"tel:+56991865508\"><span class=\"gb-text\">+56 9 9186 5508<\/span><span class=\"gb-shape\"><svg aria-hidden=\"true\" role=\"img\" height=\"1em\" width=\"1em\" viewBox=\"0 0 512 512\" xmlns=\"http:\/\/www.w3.org\/2000\/svg\"><path fill=\"currentColor\" d=\"M493.4 24.6l-104-24c-11.3-2.6-22.9 3.3-27.5 13.9l-48 112c-4.2 9.8-1.4 21.3 6.9 28l60.6 49.6c-36 76.7-98.9 140.5-177.2 177.2l-49.6-60.6c-6.8-8.3-18.2-11.1-28-6.9l-112 48C3.9 366.5-2 378.1.6 389.4l24 104C27.1 504.2 36.7 512 48 512c256.1 0 464-207.5 464-464 0-11.2-7.7-20.9-18.6-23.4z\"><\/path><\/svg><\/span><\/a>\n<\/div>\n\n\n\n<div class=\"gb-element-9acccc21\">\n<img loading=\"lazy\" decoding=\"async\" width=\"2560\" height=\"1707\" class=\"gb-media-47344e1e\" src=\"https:\/\/renovarechile.cl\/wp-content\/uploads\/2025\/10\/renovare-chile-scaled.jpg\" alt=\"\" title=\"renovare-chile\" srcset=\"https:\/\/renovarechile.cl\/wp-content\/uploads\/2025\/10\/renovare-chile-scaled.jpg 2560w, https:\/\/renovarechile.cl\/wp-content\/uploads\/2025\/10\/renovare-chile-300x200.jpg 300w, https:\/\/renovarechile.cl\/wp-content\/uploads\/2025\/10\/renovare-chile-1024x683.jpg 1024w, https:\/\/renovarechile.cl\/wp-content\/uploads\/2025\/10\/renovare-chile-768x512.jpg 768w, https:\/\/renovarechile.cl\/wp-content\/uploads\/2025\/10\/renovare-chile-1536x1024.jpg 1536w, https:\/\/renovarechile.cl\/wp-content\/uploads\/2025\/10\/renovare-chile-2048x1365.jpg 2048w\" sizes=\"auto, (max-width: 2560px) 100vw, 2560px\" \/>\n<\/div>\n<\/div>\n<\/section>\n\n\n\n<section>\n<div class=\"gb-element-94fe3f1b\" id=\"acompanamiento\">\n<div class=\"gb-element-d13990e2\">\n<h2 class=\"gb-text gb-text-e9324d01\"><strong>\u00bfA qui\u00e9n acompa\u00f1amos?<\/strong><\/h2>\n<\/div>\n\n\n\n<div class=\"gb-element-9c7080d0\">\n<div class=\"gb-element-4974785e\">\n<div>\n<h3 class=\"gb-text-6aff272d\"><span class=\"gb-shape\"><svg aria-hidden=\"true\" role=\"img\" height=\"1em\" width=\"1em\" viewBox=\"0 0 448 512\" xmlns=\"http:\/\/www.w3.org\/2000\/svg\"><path fill=\"currentColor\" d=\"M400 480H48c-26.51 0-48-21.49-48-48V80c0-26.51 21.49-48 48-48h352c26.51 0 48 21.49 48 48v352c0 26.51-21.49 48-48 48zm-204.686-98.059l184-184c6.248-6.248 6.248-16.379 0-22.627l-22.627-22.627c-6.248-6.248-16.379-6.249-22.628 0L184 302.745l-70.059-70.059c-6.248-6.248-16.379-6.248-22.628 0l-22.627 22.627c-6.248 6.248-6.248 16.379 0 22.627l104 104c6.249 6.25 16.379 6.25 22.628.001z\"><\/path><\/svg><\/span><span class=\"gb-text\"><strong>Orientaci\u00f3n individual<\/strong><\/span><\/h3>\n\n\n\n<p>Personas que requieren orientaci\u00f3n frente a situaciones reiteradas de dif\u00edcil manejo.<\/p>\n<\/div>\n\n\n\n<div>\n<h3 class=\"gb-text-85c4ee0c\"><span class=\"gb-shape\"><svg aria-hidden=\"true\" role=\"img\" height=\"1em\" width=\"1em\" viewBox=\"0 0 448 512\" xmlns=\"http:\/\/www.w3.org\/2000\/svg\"><path fill=\"currentColor\" d=\"M400 480H48c-26.51 0-48-21.49-48-48V80c0-26.51 21.49-48 48-48h352c26.51 0 48 21.49 48 48v352c0 26.51-21.49 48-48 48zm-204.686-98.059l184-184c6.248-6.248 6.248-16.379 0-22.627l-22.627-22.627c-6.248-6.248-16.379-6.249-22.628 0L184 302.745l-70.059-70.059c-6.248-6.248-16.379-6.248-22.628 0l-22.627 22.627c-6.248 6.248-6.248 16.379 0 22.627l104 104c6.249 6.25 16.379 6.25 22.628.001z\"><\/path><\/svg><\/span><span class=\"gb-text\"><strong>Apoyo a familias<\/strong><\/span><\/h3>\n\n\n\n<p>Familias que necesitan contenci\u00f3n y herramientas para afrontar escenarios complejos.<\/p>\n<\/div>\n\n\n\n<div>\n<h3 class=\"gb-text-4f25109e\"><span class=\"gb-shape\"><svg aria-hidden=\"true\" role=\"img\" height=\"1em\" width=\"1em\" viewBox=\"0 0 448 512\" xmlns=\"http:\/\/www.w3.org\/2000\/svg\"><path fill=\"currentColor\" d=\"M400 480H48c-26.51 0-48-21.49-48-48V80c0-26.51 21.49-48 48-48h352c26.51 0 48 21.49 48 48v352c0 26.51-21.49 48-48 48zm-204.686-98.059l184-184c6.248-6.248 6.248-16.379 0-22.627l-22.627-22.627c-6.248-6.248-16.379-6.249-22.628 0L184 302.745l-70.059-70.059c-6.248-6.248-16.379-6.248-22.628 0l-22.627 22.627c-6.248 6.248-6.248 16.379 0 22.627l104 104c6.249 6.25 16.379 6.25 22.628.001z\"><\/path><\/svg><\/span><span class=\"gb-text\"><strong>Reequilibrio de vida<\/strong><\/span><\/h3>\n\n\n\n<p>Quienes buscan recuperar estabilidad y funcionamiento en su vida cotidiana.<\/p>\n<\/div>\n\n\n\n<div>\n<h3 class=\"gb-text-ce2ca962\"><span class=\"gb-shape\"><svg aria-hidden=\"true\" role=\"img\" height=\"1em\" width=\"1em\" viewBox=\"0 0 448 512\" xmlns=\"http:\/\/www.w3.org\/2000\/svg\"><path fill=\"currentColor\" d=\"M400 480H48c-26.51 0-48-21.49-48-48V80c0-26.51 21.49-48 48-48h352c26.51 0 48 21.49 48 48v352c0 26.51-21.49 48-48 48zm-204.686-98.059l184-184c6.248-6.248 6.248-16.379 0-22.627l-22.627-22.627c-6.248-6.248-16.379-6.249-22.628 0L184 302.745l-70.059-70.059c-6.248-6.248-16.379-6.248-22.628 0l-22.627 22.627c-6.248 6.248-6.248 16.379 0 22.627l104 104c6.249 6.25 16.379 6.25 22.628.001z\"><\/path><\/svg><\/span><span class=\"gb-text\"><strong>Ajuste emocional<\/strong><\/span><\/h3>\n\n\n\n<p>Personas que atraviesan periodos de desajuste emocional y cambios conductuales.<\/p>\n<\/div>\n<\/div>\n<\/div>\n<\/div>\n<\/section>\n\n\n\n<section class=\"gb-element-67619802\">\n<h3 class=\"gb-text gb-text-12468025\">Agenda una orientaci\u00f3n inicial en un espacio seguro y reservado.<\/h3>\n\n\n\n<a class=\"gb-text-931647a2\" href=\"tel:+56991865508\"><span class=\"gb-text\">+56 9 9186 5508<\/span><span class=\"gb-shape\"><svg aria-hidden=\"true\" role=\"img\" height=\"1em\" width=\"1em\" viewBox=\"0 0 512 512\" xmlns=\"http:\/\/www.w3.org\/2000\/svg\"><path fill=\"currentColor\" d=\"M493.4 24.6l-104-24c-11.3-2.6-22.9 3.3-27.5 13.9l-48 112c-4.2 9.8-1.4 21.3 6.9 28l60.6 49.6c-36 76.7-98.9 140.5-177.2 177.2l-49.6-60.6c-6.8-8.3-18.2-11.1-28-6.9l-112 48C3.9 366.5-2 378.1.6 389.4l24 104C27.1 504.2 36.7 512 48 512c256.1 0 464-207.5 464-464 0-11.2-7.7-20.9-18.6-23.4z\"><\/path><\/svg><\/span><\/a>\n<\/section>\n\n\n\n<section class=\"gb-element-83df5f59\">\n<div class=\"gb-element-ed83939e\" id=\"quienes-somos\">\n<div class=\"gb-element-eb7e9932\">\n<h2 class=\"gb-text gb-text-8fba0e42\">\u00bfQui\u00e9nes somos?<\/h2>\n\n\n\n<p class=\"gb-text gb-text-373269ab\">Centro Renovare es un espacio de acompa\u00f1amiento ambulatorio formado por un equipo profesional dedicado a orientar y sostener procesos de cambio en personas y familias que atraviesan situaciones complejas. Trabajamos desde el respeto, la confidencialidad y la cercan\u00eda, ofreciendo un entorno seguro para conversar, ordenar el camino y avanzar con gu\u00eda experta hacia una vida m\u00e1s estable y funcional.<\/p>\n\n\n\n<p class=\"gb-text-71a36955\"><span class=\"gb-shape\"><svg aria-hidden=\"true\" role=\"img\" height=\"1em\" width=\"1em\" viewBox=\"0 0 448 512\" xmlns=\"http:\/\/www.w3.org\/2000\/svg\"><path fill=\"currentColor\" d=\"M400 32H48C21.49 32 0 53.49 0 80v352c0 26.51 21.49 48 48 48h352c26.51 0 48-21.49 48-48V80c0-26.51-21.49-48-48-48zm0 400H48V80h352v352zm-35.864-241.724L191.547 361.48c-4.705 4.667-12.303 4.637-16.97-.068l-90.781-91.516c-4.667-4.705-4.637-12.303.069-16.971l22.719-22.536c4.705-4.667 12.303-4.637 16.97.069l59.792 60.277 141.352-140.216c4.705-4.667 12.303-4.637 16.97.068l22.536 22.718c4.667 4.706 4.637 12.304-.068 16.971z\"><\/path><\/svg><\/span><span class=\"gb-text\">Espacios de conversaci\u00f3n guiada <\/span><\/p>\n\n\n\n<p class=\"gb-text-3cb9221d\"><span class=\"gb-shape\"><svg aria-hidden=\"true\" role=\"img\" height=\"1em\" width=\"1em\" viewBox=\"0 0 448 512\" xmlns=\"http:\/\/www.w3.org\/2000\/svg\"><path fill=\"currentColor\" d=\"M400 32H48C21.49 32 0 53.49 0 80v352c0 26.51 21.49 48 48 48h352c26.51 0 48-21.49 48-48V80c0-26.51-21.49-48-48-48zm0 400H48V80h352v352zm-35.864-241.724L191.547 361.48c-4.705 4.667-12.303 4.637-16.97-.068l-90.781-91.516c-4.667-4.705-4.637-12.303.069-16.971l22.719-22.536c4.705-4.667 12.303-4.637 16.97.069l59.792 60.277 141.352-140.216c4.705-4.667 12.303-4.637 16.97.068l22.536 22.718c4.667 4.706 4.637 12.304-.068 16.971z\"><\/path><\/svg><\/span><span class=\"gb-text\">Apoyo individual y familiar<\/span><\/p>\n\n\n\n<p class=\"gb-text-b115497a\"><span class=\"gb-shape\"><svg aria-hidden=\"true\" role=\"img\" height=\"1em\" width=\"1em\" viewBox=\"0 0 448 512\" xmlns=\"http:\/\/www.w3.org\/2000\/svg\"><path fill=\"currentColor\" d=\"M400 32H48C21.49 32 0 53.49 0 80v352c0 26.51 21.49 48 48 48h352c26.51 0 48-21.49 48-48V80c0-26.51-21.49-48-48-48zm0 400H48V80h352v352zm-35.864-241.724L191.547 361.48c-4.705 4.667-12.303 4.637-16.97-.068l-90.781-91.516c-4.667-4.705-4.637-12.303.069-16.971l22.719-22.536c4.705-4.667 12.303-4.637 16.97.069l59.792 60.277 141.352-140.216c4.705-4.667 12.303-4.637 16.97.068l22.536 22.718c4.667 4.706 4.637 12.304-.068 16.971z\"><\/path><\/svg><\/span><span class=\"gb-text\">Acompa\u00f1amiento psicosocial ambulatorio<\/span><\/p>\n\n\n\n<p class=\"gb-text-4d5fee16\"><span class=\"gb-shape\"><svg aria-hidden=\"true\" role=\"img\" height=\"1em\" width=\"1em\" viewBox=\"0 0 448 512\" xmlns=\"http:\/\/www.w3.org\/2000\/svg\"><path fill=\"currentColor\" d=\"M400 32H48C21.49 32 0 53.49 0 80v352c0 26.51 21.49 48 48 48h352c26.51 0 48-21.49 48-48V80c0-26.51-21.49-48-48-48zm0 400H48V80h352v352zm-35.864-241.724L191.547 361.48c-4.705 4.667-12.303 4.637-16.97-.068l-90.781-91.516c-4.667-4.705-4.637-12.303.069-16.971l22.719-22.536c4.705-4.667 12.303-4.637 16.97.069l59.792 60.277 141.352-140.216c4.705-4.667 12.303-4.637 16.97.068l22.536 22.718c4.667 4.706 4.637 12.304-.068 16.971z\"><\/path><\/svg><\/span><span class=\"gb-text\">Planes de seguimiento y contenci\u00f3n<\/span><\/p>\n<\/div>\n\n\n\n<div class=\"gb-element-a991ac6c\">\n<img loading=\"lazy\" decoding=\"async\" width=\"2000\" height=\"1333\" class=\"gb-media-5cbbfad1\" src=\"https:\/\/renovarechile.cl\/wp-content\/uploads\/2025\/10\/retrato-joven-empleado-equipo-renovare-chile.png\" alt=\"\" title=\"retrato-joven-empleado-equipo-renovare-chile\" srcset=\"https:\/\/renovarechile.cl\/wp-content\/uploads\/2025\/10\/retrato-joven-empleado-equipo-renovare-chile.png 2000w, https:\/\/renovarechile.cl\/wp-content\/uploads\/2025\/10\/retrato-joven-empleado-equipo-renovare-chile-300x200.png 300w, https:\/\/renovarechile.cl\/wp-content\/uploads\/2025\/10\/retrato-joven-empleado-equipo-renovare-chile-1024x682.png 1024w, https:\/\/renovarechile.cl\/wp-content\/uploads\/2025\/10\/retrato-joven-empleado-equipo-renovare-chile-768x512.png 768w, https:\/\/renovarechile.cl\/wp-content\/uploads\/2025\/10\/retrato-joven-empleado-equipo-renovare-chile-1536x1024.png 1536w\" sizes=\"auto, (max-width: 2000px) 100vw, 2000px\" \/>\n<\/div>\n<\/div>\n<\/section>\n\n\n\n<section class=\"gb-element-470d3a0a\">\n<div class=\"gb-element-dd41faf3\">\n<div class=\"gb-element-3782fde0\">\n<img loading=\"lazy\" decoding=\"async\" width=\"2560\" height=\"1707\" class=\"gb-media-034e0f9d\" src=\"https:\/\/renovarechile.cl\/wp-content\/uploads\/2025\/10\/renovare-chile-1-scaled.jpg\" alt=\"\" title=\"renovare-chile-1\" srcset=\"https:\/\/renovarechile.cl\/wp-content\/uploads\/2025\/10\/renovare-chile-1-scaled.jpg 2560w, https:\/\/renovarechile.cl\/wp-content\/uploads\/2025\/10\/renovare-chile-1-300x200.jpg 300w, https:\/\/renovarechile.cl\/wp-content\/uploads\/2025\/10\/renovare-chile-1-1024x683.jpg 1024w, https:\/\/renovarechile.cl\/wp-content\/uploads\/2025\/10\/renovare-chile-1-768x512.jpg 768w, https:\/\/renovarechile.cl\/wp-content\/uploads\/2025\/10\/renovare-chile-1-1536x1024.jpg 1536w, https:\/\/renovarechile.cl\/wp-content\/uploads\/2025\/10\/renovare-chile-1-2048x1365.jpg 2048w\" sizes=\"auto, (max-width: 2560px) 100vw, 2560px\" \/>\n<\/div>\n\n\n\n<div class=\"gb-element-3a204915\">\n<img loading=\"lazy\" decoding=\"async\" width=\"2560\" height=\"1707\" class=\"gb-media-9750305c\" src=\"https:\/\/renovarechile.cl\/wp-content\/uploads\/2025\/10\/renovare-chile-scaled.jpg\" alt=\"\" title=\"renovare-chile\" srcset=\"https:\/\/renovarechile.cl\/wp-content\/uploads\/2025\/10\/renovare-chile-scaled.jpg 2560w, https:\/\/renovarechile.cl\/wp-content\/uploads\/2025\/10\/renovare-chile-300x200.jpg 300w, https:\/\/renovarechile.cl\/wp-content\/uploads\/2025\/10\/renovare-chile-1024x683.jpg 1024w, https:\/\/renovarechile.cl\/wp-content\/uploads\/2025\/10\/renovare-chile-768x512.jpg 768w, https:\/\/renovarechile.cl\/wp-content\/uploads\/2025\/10\/renovare-chile-1536x1024.jpg 1536w, https:\/\/renovarechile.cl\/wp-content\/uploads\/2025\/10\/renovare-chile-2048x1365.jpg 2048w\" sizes=\"auto, (max-width: 2560px) 100vw, 2560px\" \/>\n<\/div>\n\n\n\n<div class=\"gb-element-8158a942\">\n<img loading=\"lazy\" decoding=\"async\" width=\"2560\" height=\"1708\" class=\"gb-media-5da4c249\" src=\"https:\/\/renovarechile.cl\/wp-content\/uploads\/2025\/10\/renovare-chile-3-scaled.jpg\" alt=\"\" title=\"renovare-chile-3\" srcset=\"https:\/\/renovarechile.cl\/wp-content\/uploads\/2025\/10\/renovare-chile-3-scaled.jpg 2560w, https:\/\/renovarechile.cl\/wp-content\/uploads\/2025\/10\/renovare-chile-3-300x200.jpg 300w, https:\/\/renovarechile.cl\/wp-content\/uploads\/2025\/10\/renovare-chile-3-1024x683.jpg 1024w, https:\/\/renovarechile.cl\/wp-content\/uploads\/2025\/10\/renovare-chile-3-768x512.jpg 768w, https:\/\/renovarechile.cl\/wp-content\/uploads\/2025\/10\/renovare-chile-3-1536x1025.jpg 1536w, https:\/\/renovarechile.cl\/wp-content\/uploads\/2025\/10\/renovare-chile-3-2048x1366.jpg 2048w\" sizes=\"auto, (max-width: 2560px) 100vw, 2560px\" \/>\n<\/div>\n<\/div>\n<\/section>\n\n\n\n<section class=\"gb-element-3f21ce43\">\n<div class=\"gb-element-21bd5b8b\" id=\"testimonio\">\n<h4 class=\"gb-text-c267a84d\"><span class=\"gb-shape\"><svg xmlns=\"http:\/\/www.w3.org\/2000\/svg\" viewBox=\"0 0 60 52.906\"><path d=\"M24.104 10.505c1.5-.629 2.13-2.42 1.452-3.872l-2.372-4.985A2.893 2.893 0 0019.409.245c-4.114 1.742-7.648 4.017-10.455 6.776-3.437 3.242-5.76 6.969-7.018 11.084C.678 22.267 0 27.93 0 35.142v14.86a2.913 2.913 0 002.904 2.904h19.022a2.913 2.913 0 002.904-2.904V30.979a2.912 2.912 0 00-2.904-2.904h-9.1c.097-4.889 1.258-8.809 3.388-11.762 1.743-2.371 4.357-4.307 7.89-5.808zM58.276 10.505c1.5-.629 2.129-2.42 1.452-3.872l-2.372-4.937C56.678.292 55.033-.337 53.581.292 49.516 2.035 46.03 4.31 43.175 7.021c-3.437 3.291-5.808 7.018-7.067 11.133-1.258 4.065-1.887 9.729-1.887 16.989v14.86a2.913 2.913 0 002.904 2.904h19.022a2.913 2.913 0 002.904-2.904V30.98a2.912 2.912 0 00-2.904-2.904h-9.148c.097-4.889 1.259-8.809 3.388-11.762 1.742-2.372 4.356-4.308 7.889-5.809z\"><\/path><\/svg><\/span><span class=\"gb-text\">Llegu\u00e9 a Renovare en un momento donde sent\u00eda que ya no pod\u00eda manejar solo lo que estaba pasando. Encontr\u00e9 un espacio tranquilo para hablar sin juicio, y las sesiones me ayudaron a ordenar mis ideas, entender lo que me estaba pasando y tomar decisiones con m\u00e1s claridad. No fue f\u00e1cil, pero tener acompa\u00f1amiento profesional hizo que el proceso fuera posible y m\u00e1s llevadero.<\/span><\/h4>\n\n\n\n<p class=\"gb-text gb-text-17111881\">\u2013 Cliente Satisfecho<\/p>\n<\/div>\n<\/section>\n","protected":false},"excerpt":{"rendered":"<p>Acompa\u00f1amiento Ambulatorio en Vi\u00f1a del Mar Apoyamos a personas y familias que atraviesan situaciones complejas que afectan su bienestar y buscan orientaci\u00f3n profesional en un espacio seguro y reservado. +56 9 9186 5508 \u00bfA qui\u00e9n acompa\u00f1amos? Orientaci\u00f3n individual Personas que requieren orientaci\u00f3n frente a situaciones reiteradas de dif\u00edcil manejo. Apoyo a familias Familias que necesitan &#8230; <a title=\"Home\" class=\"read-more\" href=\"https:\/\/renovarechile.cl\/\" aria-label=\"Leer m\u00e1s sobre Home\">Leer m\u00e1s<\/a><\/p>\n","protected":false},"author":1,"featured_media":0,"parent":0,"menu_order":0,"comment_status":"closed","ping_status":"closed","template":"","meta":{"_joinchat":[],"footnotes":""},"class_list":["post-17596","page","type-page","status-publish"],"_links":{"self":[{"href":"https:\/\/renovarechile.cl\/index.php\/wp-json\/wp\/v2\/pages\/17596","targetHints":{"allow":["GET"]}}],"collection":[{"href":"https:\/\/renovarechile.cl\/index.php\/wp-json\/wp\/v2\/pages"}],"about":[{"href":"https:\/\/renovarechile.cl\/index.php\/wp-json\/wp\/v2\/types\/page"}],"author":[{"embeddable":true,"href":"https:\/\/renovarechile.cl\/index.php\/wp-json\/wp\/v2\/users\/1"}],"replies":[{"embeddable":true,"href":"https:\/\/renovarechile.cl\/index.php\/wp-json\/wp\/v2\/comments?post=17596"}],"version-history":[{"count":36,"href":"https:\/\/renovarechile.cl\/index.php\/wp-json\/wp\/v2\/pages\/17596\/revisions"}],"predecessor-version":[{"id":19965,"href":"https:\/\/renovarechile.cl\/index.php\/wp-json\/wp\/v2\/pages\/17596\/revisions\/19965"}],"wp:attachment":[{"href":"https:\/\/renovarechile.cl\/index.php\/wp-json\/wp\/v2\/media?parent=17596"}],"curies":[{"name":"wp","href":"https:\/\/api.w.org\/{rel}","templated":true}]}}